{"id":52,"date":"2020-12-10T10:34:06","date_gmt":"2020-12-10T09:34:06","guid":{"rendered":"http:\/\/joe-allen.de\/joewp\/?page_id=52"},"modified":"2020-12-15T08:41:38","modified_gmt":"2020-12-15T07:41:38","slug":"joe-allen","status":"publish","type":"page","link":"http:\/\/joe-allen.de\/joewp\/joe-allen\/","title":{"rendered":"Joe Allen"},"content":{"rendered":"<p><img loading=\"lazy\" class=\"aligncenter size-full wp-image-53\" src=\"http:\/\/joe-allen.de\/joewp\/wp-content\/uploads\/2020\/12\/Joe1.jpg\" alt=\"\" width=\"1764\" height=\"1176\" srcset=\"http:\/\/joe-allen.de\/joewp\/wp-content\/uploads\/2020\/12\/Joe1.jpg 1764w, http:\/\/joe-allen.de\/joewp\/wp-content\/uploads\/2020\/12\/Joe1-300x200.jpg 300w, http:\/\/joe-allen.de\/joewp\/wp-content\/uploads\/2020\/12\/Joe1-1024x683.jpg 1024w, http:\/\/joe-allen.de\/joewp\/wp-content\/uploads\/2020\/12\/Joe1-768x512.jpg 768w, http:\/\/joe-allen.de\/joewp\/wp-content\/uploads\/2020\/12\/Joe1-1536x1024.jpg 1536w\" sizes=\"(max-width: 1764px) 100vw, 1764px\" \/><\/p>\n<p class=\"caption\" style=\"text-align: justify;\"><span style=\"font-size: small;\">&nbsp;<\/span><\/p>\n<ul>\n<li><span style=\"font-size: 10pt;\">Born 1955 in Airdrie Scotland<\/span><\/li>\n<li><span style=\"font-size: 10pt;\">Took drawing lessons at Glasgow School of art<\/span><\/li>\n<li><span style=\"font-size: 10pt;\">1975-1976 St Martins School of Art London<\/span><\/li>\n<li><span style=\"font-size: 10pt;\">1976-1979 Camberwell school of Art&#8230;Bachelor of arts with honors painting. London<\/span><\/li>\n<li><span style=\"font-size: 10pt;\">1979-1982 Royal Academy Schools London , Royal Academy Schools postgraduate diploma, painting <\/span><\/li>\n<li><span style=\"font-size: 10pt;\">Since 1983 practicing artist and teacher. <\/span><\/li>\n<li><span style=\"font-size: 10pt;\">Taught in Italy for many years, and from 1984-2007 at the European Academy of fine arts in Trier germany.\n<p><\/span><\/li>\n<li><span style=\"font-size: 10pt;\">Numerous articles and publications including catalouge for 10 year retrospective at the ( Museum Schloss Moyland Germany) 2006 ( A special selection )<\/span><\/li>\n<li><span style=\"font-size: 10pt;\">Gallery Clairefontaine Luxembourg 2007 (Faceless)<\/span><\/li>\n<li><span style=\"font-size: 10pt;\">Museum of art Darmstadt Germany 2009.<\/span><\/li>\n<\/ul>\n<p><span style=\"font-size: 10pt;\"><strong>Publications about Joe Allen<\/strong><\/span><\/p>\n<ul type=\"disc\">\n<li><span style=\"font-size: 10pt;\">Joe Allen. Tracks and Traces. Paintings 1996 \u2013 2006. Hrsg. Museum Schloss Moyland, collection van der Grinten, Joseph Beuys Archive, Landes Nordrhein-Westfalen. Bedburg-Hau 2006. <\/span><\/li>\n<li><span style=\"font-size: 10pt;\">Joe Allen: A special selection. Luxemburg (Galerie Clairefontaine) 2007.<\/span><\/li>\n<li><span style=\"font-size: 10pt;\">Kunsthalle Darmstadt: Joe Allen. Faceless. With Eug\u00e8ne Carri\u00e8re, John Beard, J\u00f6rg Madlener, Joe Allen, Rainer Lind. Exibition Cataloge September 2009 &#8211; January 2010, Pages 40 &#8211; 51.<\/span><\/li>\n<\/ul>\n","protected":false},"excerpt":{"rendered":"<p>&nbsp; Born 1955 in Airdrie Scotland Took drawing lessons at Glasgow School of art 1975-1976 St Martins School of Art London 1976-1979 Camberwell school of Art&#8230;Bachelor of arts with honors painting. London 1979-1982 Royal Academy Schools London , Royal Academy [&hellip;]<\/p>\n","protected":false},"author":1,"featured_media":0,"parent":0,"menu_order":0,"comment_status":"closed","ping_status":"closed","template":"","meta":{"ngg_post_thumbnail":0},"_links":{"self":[{"href":"http:\/\/joe-allen.de\/joewp\/wp-json\/wp\/v2\/pages\/52"}],"collection":[{"href":"http:\/\/joe-allen.de\/joewp\/wp-json\/wp\/v2\/pages"}],"about":[{"href":"http:\/\/joe-allen.de\/joewp\/wp-json\/wp\/v2\/types\/page"}],"author":[{"embeddable":true,"href":"http:\/\/joe-allen.de\/joewp\/wp-json\/wp\/v2\/users\/1"}],"replies":[{"embeddable":true,"href":"http:\/\/joe-allen.de\/joewp\/wp-json\/wp\/v2\/comments?post=52"}],"version-history":[{"count":8,"href":"http:\/\/joe-allen.de\/joewp\/wp-json\/wp\/v2\/pages\/52\/revisions"}],"predecessor-version":[{"id":493,"href":"http:\/\/joe-allen.de\/joewp\/wp-json\/wp\/v2\/pages\/52\/revisions\/493"}],"wp:attachment":[{"href":"http:\/\/joe-allen.de\/joewp\/wp-json\/wp\/v2\/media?parent=52"}],"curies":[{"name":"wp","href":"https:\/\/api.w.org\/{rel}","templated":true}]}}